{"id":455,"date":"2025-02-22T16:47:21","date_gmt":"2025-02-22T16:47:21","guid":{"rendered":"https:\/\/aachener-stadtfuehrung.de\/?page_id=455"},"modified":"2025-02-22T16:59:25","modified_gmt":"2025-02-22T16:59:25","slug":"impressum","status":"publish","type":"page","link":"https:\/\/aachener-stadtfuehrung.de\/en\/impressum\/","title":{"rendered":"Impressum"},"content":{"rendered":"<h2 class=\"wp-block-heading\">Verantwortlich<\/h2>\n\n\n\n<p>Dr. Monika Haas<\/p>\n\n\n\n<h3 class=\"wp-block-heading\">Postanschrift<\/h3>\n\n\n\n<p>Salbeiweg 12<br>52222 Stolberg<\/p>\n\n\n\n<h3 class=\"wp-block-heading\">Contact<\/h3>\n\n\n\n<p>E-Mail: info@erlebnis-aachen.de<\/p>\n\n\n\n<p>Telefon: 0171 \u2013 2858347<\/p>\n\n\n\n<h3 class=\"wp-block-heading\"><\/h3>\n\n\n\n<p><em>Dieses Impressum wurde mit Hilfe des <a href=\"https:\/\/www.activemind.de\/generatoren\/impressum\/\" target=\"_blank\" rel=\"noreferrer noopener\">Impressums-Generators der activeMind AG<\/a> erstellt (Version 2024-07-05).<\/em><\/p>","protected":false},"excerpt":{"rendered":"<p>Verantwortlich Dr. Monika Haas Postanschrift Salbeiweg 1252222 Stolberg Kontakt E-Mail: info@erlebnis-aachen.de Telefon: 0171 \u2013 2858347 Dieses Impressum wurde mit Hilfe des Impressums-Generators der activeMind AG<\/p>","protected":false},"author":2,"featured_media":0,"parent":0,"menu_order":0,"comment_status":"closed","ping_status":"closed","template":"","meta":{"footnotes":""},"class_list":["post-455","page","type-page","status-publish","hentry"],"yoast_head":"<!-- This site is optimized with the Yoast SEO plugin v24.7 - https:\/\/yoast.com\/wordpress\/plugins\/seo\/ -->\n<title>Impressum - Erlebnis Aachen<\/title>\n<meta name=\"robots\" content=\"index, follow, max-snippet:-1, max-image-preview:large, max-video-preview:-1\" \/>\n<link rel=\"canonical\" href=\"https:\/\/erlebnis-aachen.de\/impressum\/\" \/>\n<meta property=\"og:locale\" content=\"en_US\" \/>\n<meta property=\"og:type\" content=\"article\" \/>\n<meta property=\"og:title\" content=\"Impressum - Erlebnis Aachen\" \/>\n<meta property=\"og:description\" content=\"Verantwortlich Dr. Monika Haas Postanschrift Salbeiweg 1252222 Stolberg Kontakt E-Mail: info@erlebnis-aachen.de Telefon: 0171 \u2013 2858347 Dieses Impressum wurde mit Hilfe des Impressums-Generators der activeMind AG\" \/>\n<meta property=\"og:url\" content=\"https:\/\/erlebnis-aachen.de\/impressum\/\" \/>\n<meta property=\"og:site_name\" content=\"Erlebnis Aachen\" \/>\n<meta property=\"article:modified_time\" content=\"2025-02-22T16:59:25+00:00\" \/>\n<meta name=\"twitter:card\" content=\"summary_large_image\" \/>\n<script type=\"application\/ld+json\" class=\"yoast-schema-graph\">{\"@context\":\"https:\/\/schema.org\",\"@graph\":[{\"@type\":\"WebPage\",\"@id\":\"https:\/\/erlebnis-aachen.de\/impressum\/\",\"url\":\"https:\/\/erlebnis-aachen.de\/impressum\/\",\"name\":\"Impressum - Erlebnis Aachen\",\"isPartOf\":{\"@id\":\"https:\/\/aachener-stadtfuehrung.de\/#website\"},\"datePublished\":\"2025-02-22T16:47:21+00:00\",\"dateModified\":\"2025-02-22T16:59:25+00:00\",\"breadcrumb\":{\"@id\":\"https:\/\/erlebnis-aachen.de\/impressum\/#breadcrumb\"},\"inLanguage\":\"en-US\",\"potentialAction\":[{\"@type\":\"ReadAction\",\"target\":[\"https:\/\/erlebnis-aachen.de\/impressum\/\"]}]},{\"@type\":\"BreadcrumbList\",\"@id\":\"https:\/\/erlebnis-aachen.de\/impressum\/#breadcrumb\",\"itemListElement\":[{\"@type\":\"ListItem\",\"position\":1,\"name\":\"Startseite\",\"item\":\"https:\/\/erlebnis-aachen.de\/\"},{\"@type\":\"ListItem\",\"position\":2,\"name\":\"Impressum\"}]},{\"@type\":\"WebSite\",\"@id\":\"https:\/\/aachener-stadtfuehrung.de\/#website\",\"url\":\"https:\/\/aachener-stadtfuehrung.de\/\",\"name\":\"Erlebnis Aachen: Individuelle Stadtf\u00fchrungen und kulturelle Entdeckungen\",\"description\":\"individuelle Stadtf\u00fchrungen &amp; Kulturf\u00fchrungen mit Dr. Monika Haas\",\"publisher\":{\"@id\":\"https:\/\/aachener-stadtfuehrung.de\/#organization\"},\"potentialAction\":[{\"@type\":\"SearchAction\",\"target\":{\"@type\":\"EntryPoint\",\"urlTemplate\":\"https:\/\/aachener-stadtfuehrung.de\/?s={search_term_string}\"},\"query-input\":{\"@type\":\"PropertyValueSpecification\",\"valueRequired\":true,\"valueName\":\"search_term_string\"}}],\"inLanguage\":\"en-US\"},{\"@type\":\"Organization\",\"@id\":\"https:\/\/aachener-stadtfuehrung.de\/#organization\",\"name\":\"Erlebnis Aachen\",\"url\":\"https:\/\/aachener-stadtfuehrung.de\/\",\"logo\":{\"@type\":\"ImageObject\",\"inLanguage\":\"en-US\",\"@id\":\"https:\/\/aachener-stadtfuehrung.de\/#\/schema\/logo\/image\/\",\"url\":\"https:\/\/aachener-stadtfuehrung.de\/wp-content\/uploads\/2025\/02\/logo_1_dark_bg-e1740322211969.png\",\"contentUrl\":\"https:\/\/aachener-stadtfuehrung.de\/wp-content\/uploads\/2025\/02\/logo_1_dark_bg-e1740322211969.png\",\"width\":120,\"height\":73,\"caption\":\"Erlebnis Aachen\"},\"image\":{\"@id\":\"https:\/\/aachener-stadtfuehrung.de\/#\/schema\/logo\/image\/\"}}]}<\/script>\n<!-- \/ Yoast SEO plugin. -->","yoast_head_json":{"title":"Impressum - Erlebnis Aachen","robots":{"index":"index","follow":"follow","max-snippet":"max-snippet:-1","max-image-preview":"max-image-preview:large","max-video-preview":"max-video-preview:-1"},"canonical":"https:\/\/erlebnis-aachen.de\/impressum\/","og_locale":"en_US","og_type":"article","og_title":"Impressum - Erlebnis Aachen","og_description":"Verantwortlich Dr. Monika Haas Postanschrift Salbeiweg 1252222 Stolberg Kontakt E-Mail: info@erlebnis-aachen.de Telefon: 0171 \u2013 2858347 Dieses Impressum wurde mit Hilfe des Impressums-Generators der activeMind AG","og_url":"https:\/\/erlebnis-aachen.de\/impressum\/","og_site_name":"Erlebnis Aachen","article_modified_time":"2025-02-22T16:59:25+00:00","twitter_card":"summary_large_image","schema":{"@context":"https:\/\/schema.org","@graph":[{"@type":"WebPage","@id":"https:\/\/erlebnis-aachen.de\/impressum\/","url":"https:\/\/erlebnis-aachen.de\/impressum\/","name":"Impressum - Erlebnis Aachen","isPartOf":{"@id":"https:\/\/aachener-stadtfuehrung.de\/#website"},"datePublished":"2025-02-22T16:47:21+00:00","dateModified":"2025-02-22T16:59:25+00:00","breadcrumb":{"@id":"https:\/\/erlebnis-aachen.de\/impressum\/#breadcrumb"},"inLanguage":"en-US","potentialAction":[{"@type":"ReadAction","target":["https:\/\/erlebnis-aachen.de\/impressum\/"]}]},{"@type":"BreadcrumbList","@id":"https:\/\/erlebnis-aachen.de\/impressum\/#breadcrumb","itemListElement":[{"@type":"ListItem","position":1,"name":"Startseite","item":"https:\/\/erlebnis-aachen.de\/"},{"@type":"ListItem","position":2,"name":"Impressum"}]},{"@type":"WebSite","@id":"https:\/\/aachener-stadtfuehrung.de\/#website","url":"https:\/\/aachener-stadtfuehrung.de\/","name":"Erlebnis Aachen: Individuelle Stadtf\u00fchrungen und kulturelle Entdeckungen","description":"individuelle Stadtf\u00fchrungen &amp; Kulturf\u00fchrungen mit Dr. Monika Haas","publisher":{"@id":"https:\/\/aachener-stadtfuehrung.de\/#organization"},"potentialAction":[{"@type":"SearchAction","target":{"@type":"EntryPoint","urlTemplate":"https:\/\/aachener-stadtfuehrung.de\/?s={search_term_string}"},"query-input":{"@type":"PropertyValueSpecification","valueRequired":true,"valueName":"search_term_string"}}],"inLanguage":"en-US"},{"@type":"Organization","@id":"https:\/\/aachener-stadtfuehrung.de\/#organization","name":"Erlebnis Aachen","url":"https:\/\/aachener-stadtfuehrung.de\/","logo":{"@type":"ImageObject","inLanguage":"en-US","@id":"https:\/\/aachener-stadtfuehrung.de\/#\/schema\/logo\/image\/","url":"https:\/\/aachener-stadtfuehrung.de\/wp-content\/uploads\/2025\/02\/logo_1_dark_bg-e1740322211969.png","contentUrl":"https:\/\/aachener-stadtfuehrung.de\/wp-content\/uploads\/2025\/02\/logo_1_dark_bg-e1740322211969.png","width":120,"height":73,"caption":"Erlebnis Aachen"},"image":{"@id":"https:\/\/aachener-stadtfuehrung.de\/#\/schema\/logo\/image\/"}}]}},"_links":{"self":[{"href":"https:\/\/aachener-stadtfuehrung.de\/en\/wp-json\/wp\/v2\/pages\/455","targetHints":{"allow":["GET"]}}],"collection":[{"href":"https:\/\/aachener-stadtfuehrung.de\/en\/wp-json\/wp\/v2\/pages"}],"about":[{"href":"https:\/\/aachener-stadtfuehrung.de\/en\/wp-json\/wp\/v2\/types\/page"}],"author":[{"embeddable":true,"href":"https:\/\/aachener-stadtfuehrung.de\/en\/wp-json\/wp\/v2\/users\/2"}],"replies":[{"embeddable":true,"href":"https:\/\/aachener-stadtfuehrung.de\/en\/wp-json\/wp\/v2\/comments?post=455"}],"version-history":[{"count":4,"href":"https:\/\/aachener-stadtfuehrung.de\/en\/wp-json\/wp\/v2\/pages\/455\/revisions"}],"predecessor-version":[{"id":466,"href":"https:\/\/aachener-stadtfuehrung.de\/en\/wp-json\/wp\/v2\/pages\/455\/revisions\/466"}],"wp:attachment":[{"href":"https:\/\/aachener-stadtfuehrung.de\/en\/wp-json\/wp\/v2\/media?parent=455"}],"curies":[{"name":"wp","href":"https:\/\/api.w.org\/{rel}","templated":true}]}}