{"id":301,"date":"2015-07-21T11:55:08","date_gmt":"2015-07-21T11:55:08","guid":{"rendered":"http:\/\/demo.themegrill.com\/himalayas\/?page_id=131"},"modified":"2025-02-23T16:07:34","modified_gmt":"2025-02-23T16:07:34","slug":"front-page","status":"publish","type":"page","link":"https:\/\/aachener-stadtfuehrung.de\/en\/","title":{"rendered":"Front Page"},"content":{"rendered":"<p>Mauris at cursus massa. Sed nec nulla in tellus auctor porta. Aenean id turpis pretium, posuere magna id, suscipit elit. Aliquam suscipit tellus eu sem sagittis, eu malesuada justo condimentum. Maecenas hendrerit eros eu nunc sagittis pharetra vel sit amet libero. Integer non tempus nisl. Nunc sed velit a justo interdum semper a sodales urna. Vivamus sed interdum justo. Vivamus pretium libero ac massa malesuada, non dictum dui maximus. Nulla viverra quam lectus, ut dapibus ipsum tristique venenatis. Nam malesuada velit dictum eros viverra, hendrerit sodales magna maximus. Morbi finibus porta fermentum. Suspendisse potenti.<\/p>","protected":false},"excerpt":{"rendered":"<p>Mauris at cursus massa. Sed nec nulla in tellus auctor porta. Aenean id turpis pretium, posuere magna id, suscipit elit. Aliquam suscipit tellus eu sem<\/p>","protected":false},"author":2,"featured_media":0,"parent":0,"menu_order":0,"comment_status":"open","ping_status":"open","template":"","meta":{"footnotes":""},"class_list":["post-301","page","type-page","status-publish","hentry"],"yoast_head":"<!-- This site is optimized with the Yoast SEO plugin v24.7 - https:\/\/yoast.com\/wordpress\/plugins\/seo\/ -->\n<title>Erlebnis Aachen: Individuelle Stadtf\u00fchrungen &amp; Kulturf\u00fchrungen<\/title>\n<meta name=\"description\" content=\"Entdecken Sie Aachen mit Dr. Monika Haas und individuellen Stadtf\u00fchrungen. Buchen Sie jetzt Ihr Erlebnis!\" \/>\n<meta name=\"robots\" content=\"index, follow, max-snippet:-1, max-image-preview:large, max-video-preview:-1\" \/>\n<link rel=\"canonical\" href=\"https:\/\/erlebnis-aachen.de\/\" \/>\n<meta property=\"og:locale\" content=\"en_US\" \/>\n<meta property=\"og:type\" content=\"article\" \/>\n<meta property=\"og:title\" content=\"Erlebnis Aachen: Individuelle Stadtf\u00fchrungen &amp; Kulturf\u00fchrungen\" \/>\n<meta property=\"og:description\" content=\"Entdecken Sie Aachen mit Dr. Monika Haas und individuellen Stadtf\u00fchrungen. Buchen Sie jetzt Ihr Erlebnis!\" \/>\n<meta property=\"og:url\" content=\"https:\/\/erlebnis-aachen.de\/\" \/>\n<meta property=\"og:site_name\" content=\"Erlebnis Aachen\" \/>\n<meta property=\"article:modified_time\" content=\"2025-02-23T16:07:34+00:00\" \/>\n<meta name=\"twitter:card\" content=\"summary_large_image\" \/>\n<meta name=\"twitter:label1\" content=\"Est. reading time\" \/>\n\t<meta name=\"twitter:data1\" content=\"1 minute\" \/>\n<script type=\"application\/ld+json\" class=\"yoast-schema-graph\">{\"@context\":\"https:\/\/schema.org\",\"@graph\":[{\"@type\":\"WebPage\",\"@id\":\"https:\/\/erlebnis-aachen.de\/\",\"url\":\"https:\/\/erlebnis-aachen.de\/\",\"name\":\"Erlebnis Aachen: Individuelle Stadtf\u00fchrungen & Kulturf\u00fchrungen\",\"isPartOf\":{\"@id\":\"https:\/\/aachener-stadtfuehrung.de\/#website\"},\"datePublished\":\"2015-07-21T11:55:08+00:00\",\"dateModified\":\"2025-02-23T16:07:34+00:00\",\"description\":\"Entdecken Sie Aachen mit Dr. Monika Haas und individuellen Stadtf\u00fchrungen. Buchen Sie jetzt Ihr Erlebnis!\",\"breadcrumb\":{\"@id\":\"https:\/\/erlebnis-aachen.de\/#breadcrumb\"},\"inLanguage\":\"en-US\",\"potentialAction\":[{\"@type\":\"ReadAction\",\"target\":[\"https:\/\/erlebnis-aachen.de\/\"]}]},{\"@type\":\"BreadcrumbList\",\"@id\":\"https:\/\/erlebnis-aachen.de\/#breadcrumb\",\"itemListElement\":[{\"@type\":\"ListItem\",\"position\":1,\"name\":\"Startseite\",\"item\":\"https:\/\/erlebnis-aachen.de\/\"},{\"@type\":\"ListItem\",\"position\":2,\"name\":\"Front Page\"}]},{\"@type\":\"WebSite\",\"@id\":\"https:\/\/aachener-stadtfuehrung.de\/#website\",\"url\":\"https:\/\/aachener-stadtfuehrung.de\/\",\"name\":\"Erlebnis Aachen: Individuelle Stadtf\u00fchrungen und kulturelle Entdeckungen\",\"description\":\"individuelle Stadtf\u00fchrungen &amp; Kulturf\u00fchrungen mit Dr. Monika Haas\",\"publisher\":{\"@id\":\"https:\/\/aachener-stadtfuehrung.de\/#organization\"},\"potentialAction\":[{\"@type\":\"SearchAction\",\"target\":{\"@type\":\"EntryPoint\",\"urlTemplate\":\"https:\/\/aachener-stadtfuehrung.de\/?s={search_term_string}\"},\"query-input\":{\"@type\":\"PropertyValueSpecification\",\"valueRequired\":true,\"valueName\":\"search_term_string\"}}],\"inLanguage\":\"en-US\"},{\"@type\":\"Organization\",\"@id\":\"https:\/\/aachener-stadtfuehrung.de\/#organization\",\"name\":\"Erlebnis Aachen\",\"url\":\"https:\/\/aachener-stadtfuehrung.de\/\",\"logo\":{\"@type\":\"ImageObject\",\"inLanguage\":\"en-US\",\"@id\":\"https:\/\/aachener-stadtfuehrung.de\/#\/schema\/logo\/image\/\",\"url\":\"https:\/\/aachener-stadtfuehrung.de\/wp-content\/uploads\/2025\/02\/logo_1_dark_bg-e1740322211969.png\",\"contentUrl\":\"https:\/\/aachener-stadtfuehrung.de\/wp-content\/uploads\/2025\/02\/logo_1_dark_bg-e1740322211969.png\",\"width\":120,\"height\":73,\"caption\":\"Erlebnis Aachen\"},\"image\":{\"@id\":\"https:\/\/aachener-stadtfuehrung.de\/#\/schema\/logo\/image\/\"}}]}<\/script>\n<!-- \/ Yoast SEO plugin. -->","yoast_head_json":{"title":"Erlebnis Aachen: Individuelle Stadtf\u00fchrungen & Kulturf\u00fchrungen","description":"Entdecken Sie Aachen mit Dr. Monika Haas und individuellen Stadtf\u00fchrungen. Buchen Sie jetzt Ihr Erlebnis!","robots":{"index":"index","follow":"follow","max-snippet":"max-snippet:-1","max-image-preview":"max-image-preview:large","max-video-preview":"max-video-preview:-1"},"canonical":"https:\/\/erlebnis-aachen.de\/","og_locale":"en_US","og_type":"article","og_title":"Erlebnis Aachen: Individuelle Stadtf\u00fchrungen & Kulturf\u00fchrungen","og_description":"Entdecken Sie Aachen mit Dr. Monika Haas und individuellen Stadtf\u00fchrungen. Buchen Sie jetzt Ihr Erlebnis!","og_url":"https:\/\/erlebnis-aachen.de\/","og_site_name":"Erlebnis Aachen","article_modified_time":"2025-02-23T16:07:34+00:00","twitter_card":"summary_large_image","twitter_misc":{"Est. reading time":"1 minute"},"schema":{"@context":"https:\/\/schema.org","@graph":[{"@type":"WebPage","@id":"https:\/\/erlebnis-aachen.de\/","url":"https:\/\/erlebnis-aachen.de\/","name":"Erlebnis Aachen: Individuelle Stadtf\u00fchrungen & Kulturf\u00fchrungen","isPartOf":{"@id":"https:\/\/aachener-stadtfuehrung.de\/#website"},"datePublished":"2015-07-21T11:55:08+00:00","dateModified":"2025-02-23T16:07:34+00:00","description":"Entdecken Sie Aachen mit Dr. Monika Haas und individuellen Stadtf\u00fchrungen. Buchen Sie jetzt Ihr Erlebnis!","breadcrumb":{"@id":"https:\/\/erlebnis-aachen.de\/#breadcrumb"},"inLanguage":"en-US","potentialAction":[{"@type":"ReadAction","target":["https:\/\/erlebnis-aachen.de\/"]}]},{"@type":"BreadcrumbList","@id":"https:\/\/erlebnis-aachen.de\/#breadcrumb","itemListElement":[{"@type":"ListItem","position":1,"name":"Startseite","item":"https:\/\/erlebnis-aachen.de\/"},{"@type":"ListItem","position":2,"name":"Front Page"}]},{"@type":"WebSite","@id":"https:\/\/aachener-stadtfuehrung.de\/#website","url":"https:\/\/aachener-stadtfuehrung.de\/","name":"Erlebnis Aachen: Individuelle Stadtf\u00fchrungen und kulturelle Entdeckungen","description":"individuelle Stadtf\u00fchrungen &amp; Kulturf\u00fchrungen mit Dr. Monika Haas","publisher":{"@id":"https:\/\/aachener-stadtfuehrung.de\/#organization"},"potentialAction":[{"@type":"SearchAction","target":{"@type":"EntryPoint","urlTemplate":"https:\/\/aachener-stadtfuehrung.de\/?s={search_term_string}"},"query-input":{"@type":"PropertyValueSpecification","valueRequired":true,"valueName":"search_term_string"}}],"inLanguage":"en-US"},{"@type":"Organization","@id":"https:\/\/aachener-stadtfuehrung.de\/#organization","name":"Erlebnis Aachen","url":"https:\/\/aachener-stadtfuehrung.de\/","logo":{"@type":"ImageObject","inLanguage":"en-US","@id":"https:\/\/aachener-stadtfuehrung.de\/#\/schema\/logo\/image\/","url":"https:\/\/aachener-stadtfuehrung.de\/wp-content\/uploads\/2025\/02\/logo_1_dark_bg-e1740322211969.png","contentUrl":"https:\/\/aachener-stadtfuehrung.de\/wp-content\/uploads\/2025\/02\/logo_1_dark_bg-e1740322211969.png","width":120,"height":73,"caption":"Erlebnis Aachen"},"image":{"@id":"https:\/\/aachener-stadtfuehrung.de\/#\/schema\/logo\/image\/"}}]}},"_links":{"self":[{"href":"https:\/\/aachener-stadtfuehrung.de\/en\/wp-json\/wp\/v2\/pages\/301","targetHints":{"allow":["GET"]}}],"collection":[{"href":"https:\/\/aachener-stadtfuehrung.de\/en\/wp-json\/wp\/v2\/pages"}],"about":[{"href":"https:\/\/aachener-stadtfuehrung.de\/en\/wp-json\/wp\/v2\/types\/page"}],"author":[{"embeddable":true,"href":"https:\/\/aachener-stadtfuehrung.de\/en\/wp-json\/wp\/v2\/users\/2"}],"replies":[{"embeddable":true,"href":"https:\/\/aachener-stadtfuehrung.de\/en\/wp-json\/wp\/v2\/comments?post=301"}],"version-history":[{"count":1,"href":"https:\/\/aachener-stadtfuehrung.de\/en\/wp-json\/wp\/v2\/pages\/301\/revisions"}],"predecessor-version":[{"id":629,"href":"https:\/\/aachener-stadtfuehrung.de\/en\/wp-json\/wp\/v2\/pages\/301\/revisions\/629"}],"wp:attachment":[{"href":"https:\/\/aachener-stadtfuehrung.de\/en\/wp-json\/wp\/v2\/media?parent=301"}],"curies":[{"name":"wp","href":"https:\/\/api.w.org\/{rel}","templated":true}]}}